{"id":26392,"date":"2018-05-24T22:13:00","date_gmt":"2018-05-24T19:13:00","guid":{"rendered":"https:\/\/raahenvihreat.fi\/wp\/?page_id=26392"},"modified":"2018-05-24T22:13:00","modified_gmt":"2018-05-24T19:13:00","slug":"tietosuojaseloste","status":"publish","type":"page","link":"https:\/\/raahenvihreat.fi\/?page_id=26392","title":{"rendered":"Tietosuojaseloste"},"content":{"rendered":"<p><em>T\u00e4m\u00e4 tietosuojaseloste on sek\u00e4 asetuksen (EU) 2016\/679 (j\u00e4ljemp\u00e4n\u00e4<\/em><br \/>\n<em>tietosuoja-asetus) mukainen tiedote rekister\u00f6idyille heid\u00e4n henkil\u00f6tietojensa k\u00e4sittelyst\u00e4<\/em><br \/>\n<em>ett\u00e4 asetuksen (EU) 2016\/679 (j\u00e4ljemp\u00e4n\u00e4 tietosuoja-asetus tai TSA) 30 artiklan<\/em><br \/>\n<em>mukainen seloste henkil\u00f6tietojen k\u00e4sittelytoimista.<\/em><\/p>\n<h3>Rekisterin nimi<\/h3>\n<p>Raahen Vihre\u00e4t ry:n j\u00e4senyhdistysten henkil\u00f6j\u00e4senet<\/p>\n<h3>Rekisterinpit\u00e4j\u00e4<\/h3>\n<p>Raahen Vihre\u00e4t ry<br \/>\nSeminaarinkatu 1 C 3<br \/>\n92100 Raahe<\/p>\n<p>Rekisterinpit\u00e4j\u00e4n yhteyshenkil\u00f6n\u00e4 toimii yhdistyksen puheenjohtaja Seppo Sorvari,<br \/>\nseppo.sorvari74@gmail.com<\/p>\n<p>Yhdistys on Vihre\u00e4 liitto rp:n ja Oulun vaalipiirin vihre\u00e4t ry:n j\u00e4senyhdistys ja muodostaa sen<br \/>\nsek\u00e4 muiden sen j\u00e4senyhdistysten kanssa yhdistysoikeudellisesti nk. kiinte\u00e4n liiton. T\u00e4st\u00e4<br \/>\nkiinte\u00e4st\u00e4 liitosta k\u00e4ytet\u00e4\u00e4n t\u00e4ss\u00e4 tietosuojaselosteessa nimityst\u00e4 puolue. Yhdistyksen<br \/>\nyhdistysj\u00e4senill\u00e4 ja niiden henkil\u00f6j\u00e4senill\u00e4 on yhdistyksen j\u00e4senyyden kautta v\u00e4lillinen<br \/>\nj\u00e4senyyssuhde Vihre\u00e4\u00e4n liittoon.<\/p>\n<h3>Rekister\u00f6ityjen henkil\u00f6tietojen tietol\u00e4hteet, k\u00e4ytt\u00f6tarkoitukset ja<br \/>\noikeusperiaatteet<\/h3>\n<p>J\u00e4senrekisterin tarkoituksena on mahdollistaa yhdistyksen toiminnan tarkoituksen<br \/>\ntoteuttaminen, j\u00e4senten poliittisten vaikutusmahdollisuuksien parantaminen, yhteydenpito<br \/>\nj\u00e4senist\u00f6\u00f6n sek\u00e4 yhdistyksen lakis\u00e4\u00e4teinen vaatimus pit\u00e4\u00e4 j\u00e4senist\u00e4\u00e4n j\u00e4senrekisteri\u00e4.<\/p>\n<p>Henkil\u00f6tietojen k\u00e4sittelyn ensisijaisena oikeusperusteena on tietosuoja-asetuksen<br \/>\nartiklojen 6.1(a) ja 9.2(a) mukaisesti rekister\u00f6idyn itsens\u00e4 antama suostumus, artiklan 9.2(d)<br \/>\nmukaisesti rekister\u00f6idyn henkil\u00f6n j\u00e4senyyden my\u00f6t\u00e4 syntyv\u00e4 yhteys poliittiseen yhdistykseen, ja<br \/>\nartiklan 6.1(c) mukainen rekisterinpit\u00e4j\u00e4n lakis\u00e4\u00e4teinen velvollisuus pit\u00e4\u00e4 j\u00e4senist\u00e4\u00e4n<br \/>\nj\u00e4senrekisteri\u00e4. Henkil\u00f6n suostuessa henkil\u00f6tietojensa tallentamiseen puolueen<br \/>\nj\u00e4senmaksurekisteriin h\u00e4n suostuu samalla niiden luovuttamiseen valitsemalleen yhdistykselle<br \/>\nj\u00e4senrekisteriin tallentamista varten. Yhdistys voi kuitenkin tarvittaessa pyyt\u00e4\u00e4 suostumusta<br \/>\nhenkil\u00f6lt\u00e4 my\u00f6s suoraan.<\/p>\n<p>Ensisijaisena tietol\u00e4hteen\u00e4 toimivat Vihre\u00e4 liitto rp:n j\u00e4senmaksurekisterist\u00e4\u00e4n<br \/>\nj\u00e4senyhdistyksilleen luovuttamat tiedot. Tietoja voidaan niiden ajantasaisuuden varmistamiseksi<br \/>\np\u00e4ivitt\u00e4\u00e4 my\u00f6s muihin julkisesti saatavilla oleviin rekistereihin tallennetuista henkil\u00f6tiedoista,<br \/>\nesimerkiksi julkisten Suomessa toimivien puhelinnumeropalvelujen tiedoista. Maksusuoritusten<br \/>\nja pankkiyhteystietojen osalta tietojen l\u00e4hteen\u00e4 toimii rekister\u00f6idyn pankki.<\/p>\n<h3>Rekisterin tietosis\u00e4lt\u00f6<\/h3>\n<p>Rekisteriin tallennetaan seuraavat henkil\u00f6tietojen ryhm\u00e4t:<br \/>\n\u25cf etu- ja sukunimi<br \/>\n\u25cf yhteystiedot, kuten s\u00e4hk\u00f6postiosoitteet, puhelinnumerot ja katuosoitteet<br \/>\n\u25cf syntym\u00e4aika<br \/>\n\u25cf tiedot j\u00e4senyyksist\u00e4<br \/>\n\u25cf tiedot j\u00e4senmaksusuorituksista<\/p>\n<p>Lis\u00e4ksi rekisteriin voidaan rekister\u00f6idyn suostumuksella j\u00e4senpalvelun parantamiseksi ja<br \/>\npuolueen tilastointitarkoituksia varten tallentaa:<br \/>\n\u25cf pankkiyhteystiedot, kuten e-laskuosoite<br \/>\n\u25cf itsem\u00e4\u00e4ritelty sukupuoli<br \/>\n\u25cf opiskelupaikka<br \/>\n\u25cf tiedot henkil\u00f6n kielitaidosta<br \/>\n\u25cf tietoja aiemmista yhteydenotoista henkil\u00f6\u00f6n<br \/>\n\u25cf tieto siit\u00e4, mik\u00e4li henkil\u00f6 haluaa tulla kohdelluksi puolueessa nk. sitoutumattomana<br \/>\nj\u00e4senen\u00e4. T\u00e4llaista henkil\u00f6\u00e4 ei pidet\u00e4 puolueen j\u00e4senen\u00e4 tilastollisissa tarkoituksissa,<br \/>\neik\u00e4 h\u00e4n saa puolueen j\u00e4senetuja, kuten j\u00e4senetulehte\u00e4.<\/p>\n<h3>Henkil\u00f6tietojen s\u00e4ilytt\u00e4misaika<\/h3>\n<p>Mik\u00e4li henkil\u00f6 ei itse j\u00e4ljemp\u00e4n\u00e4 esitetyll\u00e4 tavalla vaadi henkil\u00f6tietojensa poistoa rekisterist\u00e4,<br \/>\nrekisterinpit\u00e4j\u00e4 poistaa rekister\u00f6idyn henkil\u00f6tiedot, kun niiden k\u00e4sittely ei en\u00e4\u00e4 ole tietojen<br \/>\nk\u00e4sittelyn tarkoitus huomioiden v\u00e4ltt\u00e4m\u00e4t\u00f6nt\u00e4, kuitenkin viimeist\u00e4\u00e4n sitten, kun on kulunut<br \/>\nv\u00e4hint\u00e4\u00e4n kaksi kokonaista kalenterivuotta siit\u00e4, kun henkil\u00f6n kaikki j\u00e4senyydet ovat p\u00e4\u00e4ttyneet<br \/>\ntai p\u00e4\u00e4tetty.<\/p>\n<h3>Rekister\u00f6idyn oikeudet<\/h3>\n<h4>Oikeus saada p\u00e4\u00e4sy rekisterin tietoihin<\/h4>\n<p>Henkil\u00f6ll\u00e4 on oikeus tietosuoja-asetuksen mukaisesti omasta pyynn\u00f6st\u00e4\u00e4n saada tieto h\u00e4nen<br \/>\nrekisteriin tallennetuista tiedoistaan.<br \/>\nTietoja voi tarvittaessa pyyt\u00e4\u00e4 rekisterinpit\u00e4j\u00e4n yhteyshenkil\u00f6lt\u00e4.<\/p>\n<h4>Oikeus vaatia rekisterin tietojen oikaisua<\/h4>\n<p>Henkil\u00f6ll\u00e4 on oikeus tietosuoja-asetuksen mukaisesti vaatia h\u00e4nt\u00e4 koskevien virheellisten<br \/>\ntietojen oikaisua tai puutteellisten tietojen t\u00e4ydent\u00e4mist\u00e4.<br \/>\nOikaisua voi tarvittaessa pyyt\u00e4\u00e4 rekisterinpit\u00e4j\u00e4n yhteyshenkil\u00f6lt\u00e4.<\/p>\n<h4>Oikeus rajoittaa ja vastustaa tietojen k\u00e4sittely\u00e4, kielt\u00e4\u00e4 tietojen k\u00e4sittely<br \/>\nsek\u00e4 vaatia tietojen poistoa<\/h4>\n<p>Henkil\u00f6ll\u00e4 on oikeus tietosuoja-asetuksen mukaisesti kielt\u00e4\u00e4 henkil\u00f6tietojen k\u00e4sittely tai rajoittaa<br \/>\nniiden k\u00e4sittely\u00e4 ja vaatia rekisteriin tallennettujen henkil\u00f6tietojen poistoa. Mik\u00e4li henkil\u00f6 rajoittaa<br \/>\ntai vastustaa k\u00e4sittely\u00e4 tai kielt\u00e4\u00e4 k\u00e4sittelyn tavalla, joka est\u00e4\u00e4 k\u00e4ytt\u00e4m\u00e4st\u00e4 rekisteri\u00e4 sen<br \/>\nk\u00e4ytt\u00f6tarkoituksen mukaisesti, rekisterinpit\u00e4j\u00e4 katsoo henkil\u00f6n eroavan yhdistyksest\u00e4.<br \/>\nTietojen poistoa voi tarvittaessa pyyt\u00e4\u00e4 rekisterinpit\u00e4j\u00e4n yhteyshenkil\u00f6lt\u00e4.<\/p>\n<h4>Oikeus siirt\u00e4\u00e4 tiedot j\u00e4rjestelm\u00e4st\u00e4 toiseen<\/h4>\n<p>Rekister\u00f6idyll\u00e4 henkil\u00f6ll\u00e4 on oikeus saada h\u00e4nt\u00e4 koskevat tiedot j\u00e4sennellyss\u00e4, yleisesti<br \/>\nk\u00e4ytetyss\u00e4 ja koneellisesti luettavassa muodossa, esimerkiksi taulukko-, XML- tai<br \/>\nJSON-muodossa. Tietoja voi tarvittaessa pyyt\u00e4\u00e4 rekisterinpit\u00e4j\u00e4n yhteyshenkil\u00f6lt\u00e4.<br \/>\nRekisterinpit\u00e4j\u00e4 pyrkii toimittamaan tiedot viivytyksett\u00e4, kuitenkin viimeist\u00e4\u00e4n kuukauden sis\u00e4ll\u00e4<br \/>\npyynn\u00f6st\u00e4. Mik\u00e4li kuukauden aikaraja ylittyy, rekister\u00f6idylle tiedotetaan t\u00e4st\u00e4 erikseen.<br \/>\nMik\u00e4li rekister\u00f6idyn esitt\u00e4m\u00e4t pyynn\u00f6t ovat luonteeltaan toistuvia, rekisterinpit\u00e4j\u00e4ll\u00e4 on oikeus<br \/>\npyyt\u00e4\u00e4 niiden toimittamisesta maksu. Maksun suuruudesta p\u00e4\u00e4tt\u00e4\u00e4 yhdistyksen hallitus.<\/p>\n<h3>Valitusoikeus valvontaviranomaiselle<\/h3>\n<p>Jos rekister\u00f6ity henkil\u00f6 katsoo, ett\u00e4 h\u00e4nt\u00e4 koskevien henkil\u00f6tietojen k\u00e4sittelyss\u00e4 rikotaan<br \/>\ntietosuoja-asetusta, h\u00e4nell\u00e4 on oikeus tehd\u00e4 valitus kansalliselle valvontaviranomaiselle joko<br \/>\nvakituisessa asuin- tai ty\u00f6skentelyvaltiossaan, tai siin\u00e4 j\u00e4senvaltiossa, jossa rikkominen on<br \/>\ntapahtunut. Kyseinen valtio on Suomi, jos rekister\u00f6ity katsoo, ett\u00e4 rikkomuksen tekij\u00e4 on<br \/>\nrekisterinpit\u00e4j\u00e4n\u00e4 toimiva puolueen j\u00e4senyhdistys. T\u00e4m\u00e4 oikeus ei rajoita rekister\u00f6idyn oikeuksia<br \/>\nmuihin lain suomiin suojakeinoihin.<\/p>\n<p>Tietosuoja-asetuksen valvontaviranomaisena Suomessa toimii tietosuojavaltuutettu.<\/p>\n<p>Puolue kehottaa rekister\u00f6ityj\u00e4 j\u00e4seni\u00e4\u00e4n saattamaan mahdolliset ep\u00e4ilyksens\u00e4 j\u00e4senyhdistyksi\u00e4<br \/>\nkoskevista tietosuoja-asetuksen rikkomuksista v\u00e4litt\u00f6m\u00e4sti my\u00f6s puolueen tietosuojavastaavan<br \/>\ntietoon riippumatta siit\u00e4, aikooko j\u00e4sen tehd\u00e4 asiasta valituksen valvontaviranomaiselle.<br \/>\nPuolueen tietosuojavastaavan tavoittaa s\u00e4hk\u00f6postitse osoitteesta dpo@vihreat.fi.<\/p>\n<h3>Tietojen luovutukset ja siirrot<\/h3>\n<p>Kaikki henkil\u00f6tiedot voidaan yhdistyksen j\u00e4senpalvelun parantamiseksi ja j\u00e4senmaksuperinn\u00e4n<br \/>\ntehostamiseksi luovuttaa Vihre\u00e4 liitto rp:n k\u00e4ytt\u00f6\u00f6n puolueen j\u00e4senmaksurekisterin yll\u00e4pitoa<br \/>\nvarten. Mit\u00e4\u00e4n henkil\u00f6tietoja ei muutoin luovuteta ulkopuolisille, paitsi milloin rekisterinpit\u00e4j\u00e4n<br \/>\nlakis\u00e4\u00e4teisten velvoitteiden noudattaminen t\u00e4t\u00e4 edellytt\u00e4\u00e4.<\/p>\n<p>Jos kaikkien yhdistysten j\u00e4senten tiedot on j\u00e4senten suostumuksella tallennettu my\u00f6s puolueen<br \/>\nj\u00e4senmaksurekisteriin, voi yhdistys puolueen suostumuksella p\u00e4\u00e4tt\u00e4\u00e4 my\u00f6hemmin siirt\u00e4\u00e4<br \/>\nj\u00e4senrekisterins\u00e4 Vihre\u00e4 liitto rp:n yll\u00e4pidett\u00e4v\u00e4ksi. Yhdistys toimii t\u00e4ll\u00f6in yhteisrekisterinpit\u00e4j\u00e4n\u00e4<br \/>\npuolueen kanssa siten, kun puolueen j\u00e4senmaksurekisterin tietosuojaselosteessa on kuvattu.<br \/>\nHenkil\u00f6tietoja ei siirret\u00e4 niiden k\u00e4sittely\u00e4 varten Euroopan talousalueen ulkopuolelle, mik\u00e4li<br \/>\nEuroopan komissio ei ole katsonut kohdemaan tietosuojan tasoa riitt\u00e4v\u00e4ksi.<\/p>\n<h3>Automaattinen p\u00e4\u00e4t\u00f6ksenteko ja profilointi<\/h3>\n<p>Ker\u00e4ttyj\u00e4 tietoja ei k\u00e4ytet\u00e4 pelk\u00e4st\u00e4\u00e4n automaattiseen k\u00e4sittelyyn perustuvaan<br \/>\np\u00e4\u00e4t\u00f6ksentekoon. Tietoja voidaan kuitenkin k\u00e4ytt\u00e4\u00e4 profilointiin osittain automaattista<br \/>\np\u00e4\u00e4t\u00f6ksentekoa varten viestinn\u00e4llisiss\u00e4 tarkoituksessa, esimerkiksi haluttaessa v\u00e4litt\u00e4\u00e4 viesti<br \/>\nkaikille niille henkil\u00f6ille, joiden arvellaan olevan ilmoittamansa ik\u00e4tiedon perusteella<br \/>\nkiinnostuneita osallistumaan yhdistyksen nuorisoiltaan.<\/p>\n<h3>Henkil\u00f6tietojen k\u00e4sittelij\u00e4t<\/h3>\n<p>Henkil\u00f6t, joilla on p\u00e4\u00e4sy rekisterin tietoihin, nime\u00e4\u00e4 yhdistyksen hallitus.<\/p>\n<h3>Henkil\u00f6tietojen k\u00e4sittelyn turvallisuus<\/h3>\n<p>Henkil\u00f6tietojen k\u00e4sittelyn turvallisuus on pyritty varmistamaan arvioituun riskitasoon n\u00e4hden<br \/>\ntarkoituksenmukaisella tavalla:<br \/>\n\u25cf Tiedot sijaitsevat rekisterinpit\u00e4j\u00e4n hallinnassa olevalla laitteella, jonka sis\u00e4lt\u00f6 on salattu<br \/>\ntai virtuaalisella palvelimella tietokoneella, jonka fyysinen turvallisuus on riitt\u00e4v\u00e4ll\u00e4 tavalla<br \/>\nvarmistettu.<br \/>\n\u25cf Tietojen luottamuksellisuus on turvattu salatulla tietoliikenteell\u00e4.<br \/>\n\u25cf Kyky palauttaa tiedot nopeasti vikatilanteessa on turvattu s\u00e4\u00e4nn\u00f6llisell\u00e4<br \/>\nvarmuuskopioinnilla. Palveluiden k\u00e4ytett\u00e4vyys on muuten varmistettu huolehtimalla<br \/>\nohjelmistojen yll\u00e4pidosta s\u00e4\u00e4nn\u00f6llisesti.<br \/>\n\u25cf Yhdistys pyrkii arvioimaan tietojenk\u00e4sittelyn turvallisuuteen vaikuttavien teknisten ja<br \/>\norganisatoristen toimenpiteiden tehokkuutta s\u00e4\u00e4nn\u00f6llisesti.<br \/>\n\u25cf K\u00e4sittelyss\u00e4 k\u00e4ytett\u00e4vi\u00e4 j\u00e4rjestelmi\u00e4, sovelluksia ja palveluja hankittaessa huomioidaan<br \/>\ntietosuoja jo hankintaprosessissa.<br \/>\n\u25cf Rekisterin muokkaaminen ja p\u00e4\u00e4sy rekisterin tietoihin estet\u00e4\u00e4n teknisesti muilta kuin<br \/>\nedell\u00e4 m\u00e4\u00e4ritellyilt\u00e4 tietojen k\u00e4sittelyyn oikeutetuilta henkil\u00f6ilt\u00e4. Oikeutetut henkil\u00f6t<br \/>\ntunnistetaan asianmukaisella p\u00e4\u00e4synvalvonnalla<\/p>\n","protected":false},"excerpt":{"rendered":"<p>T\u00e4m\u00e4 tietosuojaseloste on sek\u00e4 asetuksen (EU) 2016\/679 (j\u00e4ljemp\u00e4n\u00e4 tietosuoja-asetus) mukainen tiedote rekister\u00f6idyille heid\u00e4n henkil\u00f6tietojensa k\u00e4sittelyst\u00e4 ett\u00e4 asetuksen (EU) 2016\/679 (j\u00e4ljemp\u00e4n\u00e4 tietosuoja-asetus tai TSA) 30 artiklan mukainen seloste henkil\u00f6tietojen k\u00e4sittelytoimista. Rekisterin nimi Raahen Vihre\u00e4t ry:n j\u00e4senyhdistysten henkil\u00f6j\u00e4senet Rekisterinpit\u00e4j\u00e4 Raahen Vihre\u00e4t ry Seminaarinkatu 1 C 3 92100 Raahe Rekisterinpit\u00e4j\u00e4n yhteyshenkil\u00f6n\u00e4 toimii yhdistyksen puheenjohtaja Seppo Sorvari, seppo.sorvari74@gmail.com Yhdistys [&hellip;]<\/p>\n","protected":false},"author":691,"featured_media":0,"parent":0,"menu_order":0,"comment_status":"closed","ping_status":"closed","template":"","meta":{"_et_pb_use_builder":"","_et_pb_old_content":"","_et_gb_content_width":"","footnotes":""},"class_list":["post-26392","page","type-page","status-publish","hentry"],"_links":{"self":[{"href":"https:\/\/raahenvihreat.fi\/index.php?rest_route=\/wp\/v2\/pages\/26392","targetHints":{"allow":["GET"]}}],"collection":[{"href":"https:\/\/raahenvihreat.fi\/index.php?rest_route=\/wp\/v2\/pages"}],"about":[{"href":"https:\/\/raahenvihreat.fi\/index.php?rest_route=\/wp\/v2\/types\/page"}],"author":[{"embeddable":true,"href":"https:\/\/raahenvihreat.fi\/index.php?rest_route=\/wp\/v2\/users\/691"}],"replies":[{"embeddable":true,"href":"https:\/\/raahenvihreat.fi\/index.php?rest_route=%2Fwp%2Fv2%2Fcomments&post=26392"}],"version-history":[{"count":1,"href":"https:\/\/raahenvihreat.fi\/index.php?rest_route=\/wp\/v2\/pages\/26392\/revisions"}],"predecessor-version":[{"id":26394,"href":"https:\/\/raahenvihreat.fi\/index.php?rest_route=\/wp\/v2\/pages\/26392\/revisions\/26394"}],"wp:attachment":[{"href":"https:\/\/raahenvihreat.fi\/index.php?rest_route=%2Fwp%2Fv2%2Fmedia&parent=26392"}],"curies":[{"name":"wp","href":"https:\/\/api.w.org\/{rel}","templated":true}]}}