{"id":26179,"date":"2017-01-23T15:35:03","date_gmt":"2017-01-23T13:35:03","guid":{"rendered":"https:\/\/raahenvihreat.fi\/wp\/?page_id=26179"},"modified":"2021-02-07T22:33:24","modified_gmt":"2021-02-07T20:33:24","slug":"tapahtumat","status":"publish","type":"page","link":"https:\/\/raahenvihreat.fi\/?page_id=26179","title":{"rendered":"Tapahtumat"},"content":{"rendered":"<p>[et_pb_section fb_built=&#8221;1&#8243; _builder_version=&#8221;4.8.2&#8243; _module_preset=&#8221;default&#8221;][et_pb_row _builder_version=&#8221;4.8.2&#8243; _module_preset=&#8221;default&#8221;][et_pb_column type=&#8221;4_4&#8243; _builder_version=&#8221;4.8.2&#8243; _module_preset=&#8221;default&#8221;][et_pb_text _builder_version=&#8221;4.8.2&#8243; _module_preset=&#8221;default&#8221;]<\/p>\n<h1>Tervetuloa tapahtumiimme!<\/h1>\n<p>[\/et_pb_text][\/et_pb_column][\/et_pb_row][\/et_pb_section][et_pb_section fb_built=&#8221;1&#8243; _builder_version=&#8221;3.22&#8243;][et_pb_row column_structure=&#8221;1_2,1_2&#8243; _builder_version=&#8221;4.8.1&#8243; _module_preset=&#8221;default&#8221;][et_pb_column type=&#8221;1_2&#8243; _builder_version=&#8221;4.8.1&#8243; _module_preset=&#8221;default&#8221;][et_pb_image src=&#8221;https:\/\/www.raahenvihreat.fi\/content\/uploads\/2021\/01\/Nimeton-suunn.malli-8-300&#215;157.png&#8221; title_text=&#8221;Nimet\u00f6n suunn.malli (8)&#8221; _builder_version=&#8221;4.8.1&#8243; _module_preset=&#8221;default&#8221;][\/et_pb_image][\/et_pb_column][et_pb_column type=&#8221;1_2&#8243; _builder_version=&#8221;4.8.1&#8243; _module_preset=&#8221;default&#8221;][et_pb_text _builder_version=&#8221;4.8.2&#8243; _module_preset=&#8221;default&#8221; border_color_right=&#8221;#045A1C&#8221; border_style_right=&#8221;dotted&#8221;]<\/p>\n<p>Starttaamme vaalit kuuntelemalla ajatuksiasi! Vasta niiden pohjalta ly\u00f6mme lukkoon lopulliset kuntavaalitavoitteemme. J\u00e4senet, ehdokkaat, ehdokkuutta harkitsevat, vihreiden toiminnasta kiinnostuneet, vihre\u00e4st\u00e4 arvomaailmasta kiinnostuneet, tervetuloa keskustelemaan!<\/p>\n<p>Ilmoittaudu mukaan starttiin: seppo.sorvari@vihreat.fi<br \/><a href=\"https:\/\/www.facebook.com\/events\/1847792182035445\/\" target=\"_blank\" rel=\"noopener\">Tapahtuma Facebookissa<\/a><\/p>\n<p>[\/et_pb_text][\/et_pb_column][\/et_pb_row][\/et_pb_section]<\/p>\n","protected":false},"excerpt":{"rendered":"<p>Tervetuloa tapahtumiimme!Starttaamme vaalit kuuntelemalla ajatuksiasi! Vasta niiden pohjalta ly\u00f6mme lukkoon lopulliset kuntavaalitavoitteemme. J\u00e4senet, ehdokkaat, ehdokkuutta harkitsevat, vihreiden toiminnasta kiinnostuneet, vihre\u00e4st\u00e4 arvomaailmasta kiinnostuneet, tervetuloa keskustelemaan! Ilmoittaudu mukaan starttiin: seppo.sorvari@vihreat.fiTapahtuma Facebookissa<\/p>\n","protected":false},"author":691,"featured_media":0,"parent":0,"menu_order":0,"comment_status":"closed","ping_status":"closed","template":"","meta":{"_et_pb_use_builder":"on","_et_pb_old_content":"<p><br \/><br \/><\/p>","_et_gb_content_width":"","footnotes":""},"class_list":["post-26179","page","type-page","status-publish","hentry"],"_links":{"self":[{"href":"https:\/\/raahenvihreat.fi\/index.php?rest_route=\/wp\/v2\/pages\/26179","targetHints":{"allow":["GET"]}}],"collection":[{"href":"https:\/\/raahenvihreat.fi\/index.php?rest_route=\/wp\/v2\/pages"}],"about":[{"href":"https:\/\/raahenvihreat.fi\/index.php?rest_route=\/wp\/v2\/types\/page"}],"author":[{"embeddable":true,"href":"https:\/\/raahenvihreat.fi\/index.php?rest_route=\/wp\/v2\/users\/691"}],"replies":[{"embeddable":true,"href":"https:\/\/raahenvihreat.fi\/index.php?rest_route=%2Fwp%2Fv2%2Fcomments&post=26179"}],"version-history":[{"count":41,"href":"https:\/\/raahenvihreat.fi\/index.php?rest_route=\/wp\/v2\/pages\/26179\/revisions"}],"predecessor-version":[{"id":26637,"href":"https:\/\/raahenvihreat.fi\/index.php?rest_route=\/wp\/v2\/pages\/26179\/revisions\/26637"}],"wp:attachment":[{"href":"https:\/\/raahenvihreat.fi\/index.php?rest_route=%2Fwp%2Fv2%2Fmedia&parent=26179"}],"curies":[{"name":"wp","href":"https:\/\/api.w.org\/{rel}","templated":true}]}}