{"id":24799,"date":"2016-06-22T11:01:25","date_gmt":"2016-06-22T08:01:25","guid":{"rendered":"http:\/\/localhost\/vihreat\/?page_id=37"},"modified":"2025-03-31T22:52:58","modified_gmt":"2025-03-31T19:52:58","slug":"etusivu","status":"publish","type":"page","link":"https:\/\/raahenvihreat.fi\/","title":{"rendered":"Etusivu"},"content":{"rendered":"<p>[et_pb_section fb_built=&#8221;1&#8243; custom_padding_last_edited=&#8221;on|desktop&#8221; admin_label=&#8221;section&#8221; _builder_version=&#8221;4.16&#8243; background_color=&#8221;#ffffff&#8221; background_image=&#8221;https:\/\/www.raahenvihreat.fi\/content\/uploads\/2020\/06\/Nimet\u00f6n-suunn.malli-2.png&#8221; background_size=&#8221;initial&#8221; min_height=&#8221;220px&#8221; height=&#8221;220px&#8221; max_height=&#8221;220px&#8221; custom_padding_tablet=&#8221;50px|0|50px|0&#8243; custom_padding_phone=&#8221;&#8221; transparent_background=&#8221;off&#8221; padding_mobile=&#8221;off&#8221; make_fullwidth=&#8221;off&#8221; use_custom_width=&#8221;off&#8221; width_unit=&#8221;on&#8221; custom_width_px=&#8221;1080px&#8221; custom_width_percent=&#8221;80%&#8221; global_colors_info=&#8221;{}&#8221;][\/et_pb_section][et_pb_section fb_built=&#8221;1&#8243; custom_padding_last_edited=&#8221;on|desktop&#8221; disabled_on=&#8221;off|off|off&#8221; admin_label=&#8221;Section&#8221; _builder_version=&#8221;4.16&#8243; background_color=&#8221;rgba(255,255,255,0)&#8221; custom_padding_tablet=&#8221;50px|0|50px|0&#8243; custom_padding_phone=&#8221;&#8221; custom_css_main_element=&#8221;border-bottom: 1px solid #D7DCE1;&#8221; transparent_background=&#8221;on&#8221; padding_mobile=&#8221;off&#8221; make_fullwidth=&#8221;off&#8221; use_custom_width=&#8221;off&#8221; width_unit=&#8221;on&#8221; custom_width_px=&#8221;1080px&#8221; custom_width_percent=&#8221;80%&#8221; global_colors_info=&#8221;{}&#8221;][et_pb_row column_structure=&#8221;2_3,1_3&#8243; padding_mobile=&#8221;on&#8221; column_padding_mobile=&#8221;on&#8221; custom_padding_last_edited=&#8221;off|desktop&#8221; admin_label=&#8221;Row&#8221; _builder_version=&#8221;4.16&#8243; background_size=&#8221;initial&#8221; background_position=&#8221;top_left&#8221; background_repeat=&#8221;repeat&#8221; custom_padding=&#8221;80px|||&#8221; make_fullwidth=&#8221;off&#8221; use_custom_width=&#8221;off&#8221; width_unit=&#8221;on&#8221; custom_width_px=&#8221;780px&#8221; custom_width_percent=&#8221;80%&#8221; global_colors_info=&#8221;{}&#8221;][et_pb_column type=&#8221;2_3&#8243; _builder_version=&#8221;4.16&#8243; custom_padding=&#8221;|||&#8221; global_colors_info=&#8221;{}&#8221; custom_padding__hover=&#8221;|||&#8221;][et_pb_text admin_label=&#8221;Otsikko 36px&#8221; _builder_version=&#8221;4.7.7&#8243; text_text_color=&#8221;#000000&#8243; text_font_size=&#8221;36px&#8221; text_line_height=&#8221;1.1em&#8221; header_line_height=&#8221;1.1em&#8221; background_size=&#8221;initial&#8221; background_position=&#8221;top_left&#8221; background_repeat=&#8221;repeat&#8221; custom_margin=&#8221;||22px|&#8221; text_font_size_tablet=&#8221;34px&#8221; text_font_size_phone=&#8221;28px&#8221; text_font_size_last_edited=&#8221;on|desktop&#8221; header_font_size_tablet=&#8221;34px&#8221; header_font_size_phone=&#8221;28px&#8221; header_font_size_last_edited=&#8221;on|tablet&#8221; custom_css_main_element=&#8221;font-weight: 400;&#8221; use_border_color=&#8221;off&#8221; border_color=&#8221;#ffffff&#8221; border_style=&#8221;solid&#8221; global_module=&#8221;25963&#8243; saved_tabs=&#8221;advanced,css&#8221; global_colors_info=&#8221;{}&#8221;]<\/p>\n<h1>RAAHEN VIHRE\u00c4T RY<\/h1>\n<p>[\/et_pb_text][et_pb_text admin_label=&#8221;Text&#8221; _builder_version=&#8221;4.16&#8243; text_font=&#8221;Roboto Light||||&#8221; text_text_color=&#8221;#5b666d&#8221; text_font_size=&#8221;24&#8243; background_size=&#8221;initial&#8221; background_position=&#8221;top_left&#8221; background_repeat=&#8221;repeat&#8221; custom_margin=&#8221;24px|||&#8221; custom_css_main_element=&#8221;font-weight: 300;&#8221; use_border_color=&#8221;off&#8221; border_color=&#8221;#ffffff&#8221; border_style=&#8221;solid&#8221; global_colors_info=&#8221;{}&#8221;][\/et_pb_text][et_pb_text _builder_version=&#8221;4.16&#8243; global_colors_info=&#8221;{}&#8221;]<\/p>\n<p>Raahen Vihreiden toimialue on Raahe, Pyh\u00e4joki ja Siikajoki. Toimimme my\u00f6s n\u00e4iden kuntien Vihre\u00e4n Liiton rp. kunnallisj\u00e4rjest\u00f6n\u00e4.<\/p>\n<p>[\/et_pb_text][et_pb_image src=&#8221;https:\/\/raahenvihreat.fi\/content\/uploads\/2025\/03\/Kuntavaalit-julistepohja-6.png&#8221; title_text=&#8221;Kuntavaalit julistepohja (6)&#8221; _builder_version=&#8221;4.27.4&#8243; hover_enabled=&#8221;0&#8243; global_colors_info=&#8221;{}&#8221; sticky_enabled=&#8221;0&#8243;][\/et_pb_image][\/et_pb_column][et_pb_column type=&#8221;1_3&#8243; _builder_version=&#8221;4.16&#8243; custom_padding=&#8221;|||&#8221; global_colors_info=&#8221;{}&#8221; custom_padding__hover=&#8221;|||&#8221;][et_pb_button button_url=&#8221;https:\/\/www.vihreat.fi\/kuntavaalit-2025\/?kieli=fi&#038;vaali=kuntavaalit-2025&#038;kunta=k678&#8243; url_new_window=&#8221;on&#8221; button_text=&#8221;EHDOKKAAMME KUNTAVAALEISSA&#8221; button_alignment=&#8221;center&#8221; admin_label=&#8221;Vihrea CTA Painike&#8221; _builder_version=&#8221;4.27.4&#8243; custom_button=&#8221;on&#8221; button_text_size=&#8221;19&#8243; button_text_color=&#8221;#EBEBEC&#8221; button_bg_color=&#8221;#284734&#8243; button_border_color=&#8221;#284734&#8243; button_icon=&#8221;&#x35;||divi||400&#8243; button_icon_color=&#8221;#ffffff&#8221; button_on_hover=&#8221;off&#8221; background_layout=&#8221;dark&#8221; button_letter_spacing_hover=&#8221;0&#8243; saved_tabs=&#8221;all&#8221; global_colors_info=&#8221;{}&#8221; button_text_size__hover_enabled=&#8221;off&#8221; button_one_text_size__hover_enabled=&#8221;off&#8221; button_two_text_size__hover_enabled=&#8221;off&#8221; button_text_color__hover_enabled=&#8221;off&#8221; button_one_text_color__hover_enabled=&#8221;off&#8221; button_two_text_color__hover_enabled=&#8221;off&#8221; button_border_width__hover_enabled=&#8221;off&#8221; button_one_border_width__hover_enabled=&#8221;off&#8221; button_two_border_width__hover_enabled=&#8221;off&#8221; button_border_color__hover_enabled=&#8221;off&#8221; button_one_border_color__hover_enabled=&#8221;off&#8221; button_two_border_color__hover_enabled=&#8221;off&#8221; button_border_radius__hover_enabled=&#8221;off&#8221; button_one_border_radius__hover_enabled=&#8221;off&#8221; button_two_border_radius__hover_enabled=&#8221;off&#8221; button_letter_spacing__hover_enabled=&#8221;on&#8221; button_letter_spacing__hover=&#8221;0&#8243; button_one_letter_spacing__hover_enabled=&#8221;off&#8221; button_two_letter_spacing__hover_enabled=&#8221;off&#8221; button_bg_color__hover_enabled=&#8221;off&#8221; button_one_bg_color__hover_enabled=&#8221;off&#8221; button_two_bg_color__hover_enabled=&#8221;off&#8221;]&nbsp;<br \/>\n[\/et_pb_button][et_pb_button button_url=&#8221;https:\/\/www.vihreat.fi\/aluevaalit-2025\/?kieli=fi&#038;vaali=aluevaalit-2025&#038;alue=pohjois-pohjanmaa&#038;ehdokaskunta=k678&#8243; url_new_window=&#8221;on&#8221; button_text=&#8221;EHDOKKAAMME ALUEVAALEISSA&#8221; button_alignment=&#8221;center&#8221; admin_label=&#8221;Vihrea CTA Painike&#8221; _builder_version=&#8221;4.27.4&#8243; custom_button=&#8221;on&#8221; button_text_size=&#8221;19&#8243; button_text_color=&#8221;#ffffff&#8221; button_bg_color=&#8221;#284734&#8243; button_border_color=&#8221;#284734&#8243; button_icon=&#8221;&#x35;||divi||400&#8243; button_icon_color=&#8221;#ffffff&#8221; button_on_hover=&#8221;off&#8221; background_layout=&#8221;dark&#8221; button_letter_spacing_hover=&#8221;0&#8243; saved_tabs=&#8221;all&#8221; global_colors_info=&#8221;{}&#8221; button_text_size__hover_enabled=&#8221;off&#8221; button_one_text_size__hover_enabled=&#8221;off&#8221; button_two_text_size__hover_enabled=&#8221;off&#8221; button_text_color__hover_enabled=&#8221;off&#8221; button_one_text_color__hover_enabled=&#8221;off&#8221; button_two_text_color__hover_enabled=&#8221;off&#8221; button_border_width__hover_enabled=&#8221;off&#8221; button_one_border_width__hover_enabled=&#8221;off&#8221; button_two_border_width__hover_enabled=&#8221;off&#8221; button_border_color__hover_enabled=&#8221;off&#8221; button_one_border_color__hover_enabled=&#8221;off&#8221; button_two_border_color__hover_enabled=&#8221;off&#8221; button_border_radius__hover_enabled=&#8221;off&#8221; button_one_border_radius__hover_enabled=&#8221;off&#8221; button_two_border_radius__hover_enabled=&#8221;off&#8221; button_letter_spacing__hover_enabled=&#8221;on&#8221; button_letter_spacing__hover=&#8221;0&#8243; button_one_letter_spacing__hover_enabled=&#8221;off&#8221; button_two_letter_spacing__hover_enabled=&#8221;off&#8221; button_bg_color__hover_enabled=&#8221;off&#8221; button_one_bg_color__hover_enabled=&#8221;off&#8221; button_two_bg_color__hover_enabled=&#8221;off&#8221;]&nbsp;<br \/>\n[\/et_pb_button][et_pb_image src=&#8221;https:\/\/raahenvihreat.fi\/content\/uploads\/2025\/03\/flaikku_yhdistys-6-722&#215;1024.png&#8221; title_text=&#8221;flaikku_yhdistys (6)&#8221; _builder_version=&#8221;4.27.4&#8243; _module_preset=&#8221;default&#8221; global_colors_info=&#8221;{}&#8221;][\/et_pb_image][\/et_pb_column][\/et_pb_row][\/et_pb_section][et_pb_section fb_built=&#8221;1&#8243; admin_label=&#8221;Section&#8221; _builder_version=&#8221;4.16&#8243; transparent_background=&#8221;off&#8221; make_fullwidth=&#8221;off&#8221; use_custom_width=&#8221;off&#8221; width_unit=&#8221;off&#8221; custom_width_px=&#8221;1080px&#8221; custom_width_percent=&#8221;80%&#8221; global_colors_info=&#8221;{}&#8221;][et_pb_row column_structure=&#8221;1_2,1_2&#8243; padding_mobile=&#8221;off&#8221; column_padding_mobile=&#8221;on&#8221; admin_label=&#8221;Row&#8221; _builder_version=&#8221;4.16&#8243; background_size=&#8221;initial&#8221; background_position=&#8221;top_left&#8221; background_repeat=&#8221;repeat&#8221; make_fullwidth=&#8221;off&#8221; use_custom_width=&#8221;off&#8221; width_unit=&#8221;on&#8221; custom_width_px=&#8221;1080px&#8221; custom_width_percent=&#8221;80%&#8221; global_colors_info=&#8221;{}&#8221;][et_pb_column type=&#8221;1_2&#8243; _builder_version=&#8221;4.16&#8243; custom_padding=&#8221;|||&#8221; global_colors_info=&#8221;{}&#8221; custom_padding__hover=&#8221;|||&#8221;][et_pb_text _builder_version=&#8221;4.16&#8243; global_colors_info=&#8221;{}&#8221;]<\/p>\n<p><a href=\"http:\/\/www.raahenvihreat.fi\">www.raahenvihreat.fi<\/a><br \/><a href=\"https:\/\/www.facebook.com\/RaahenVihreatRy\">facebook.com\/RaahenVihreatRy<\/a><br \/>raahen.vihreat@vihreat.fi<\/p>\n<p>[\/et_pb_text][\/et_pb_column][et_pb_column type=&#8221;1_2&#8243; _builder_version=&#8221;4.16&#8243; background_color=&#8221;rgba(118,183,42,0.03)&#8221; custom_padding=&#8221;25px|20px|25px|20px&#8221; global_colors_info=&#8221;{}&#8221; custom_padding__hover=&#8221;|||&#8221;][\/et_pb_column][\/et_pb_row][et_pb_row use_custom_gutter=&#8221;on&#8221; gutter_width=&#8221;1&#8243; padding_mobile=&#8221;off&#8221; column_padding_mobile=&#8221;on&#8221; admin_label=&#8221;Row&#8221; module_class=&#8221; et_pb_row_fullwidth&#8221; _builder_version=&#8221;4.16&#8243; background_size=&#8221;initial&#8221; background_position=&#8221;top_left&#8221; background_repeat=&#8221;repeat&#8221; width=&#8221;100%&#8221; width_tablet=&#8221;100%&#8221; width_phone=&#8221;&#8221; width_last_edited=&#8221;on|desktop&#8221; max_width=&#8221;100%&#8221; max_width_tablet=&#8221;100%&#8221; max_width_phone=&#8221;&#8221; max_width_last_edited=&#8221;on|desktop&#8221; make_fullwidth=&#8221;on&#8221; use_custom_width=&#8221;off&#8221; width_unit=&#8221;on&#8221; custom_width_px=&#8221;1080px&#8221; custom_width_percent=&#8221;80%&#8221; global_colors_info=&#8221;{}&#8221;][et_pb_column type=&#8221;4_4&#8243; _builder_version=&#8221;4.16&#8243; custom_padding=&#8221;|||&#8221; global_colors_info=&#8221;{}&#8221; custom_padding__hover=&#8221;|||&#8221;][et_pb_divider color=&#8221;#d7dce1&#8243; divider_weight=&#8221;1px&#8221; admin_label=&#8221;Divider&#8221; _builder_version=&#8221;4.16&#8243; hide_on_mobile=&#8221;off&#8221; global_colors_info=&#8221;{}&#8221;]&nbsp;<br \/>\n[\/et_pb_divider][\/et_pb_column][\/et_pb_row][\/et_pb_section]<\/p>\n","protected":false},"excerpt":{"rendered":"<p>RAAHEN VIHRE\u00c4T RYRaahen Vihreiden toimialue on Raahe, Pyh\u00e4joki ja Siikajoki. Toimimme my\u00f6s n\u00e4iden kuntien Vihre\u00e4n Liiton rp. kunnallisj\u00e4rjest\u00f6n\u00e4.&nbsp; &nbsp; www.raahenvihreat.fifacebook.com\/RaahenVihreatRyraahen.vihreat@vihreat.fi&nbsp;<\/p>\n","protected":false},"author":691,"featured_media":26085,"parent":0,"menu_order":0,"comment_status":"closed","ping_status":"closed","template":"","meta":{"_et_pb_use_builder":"on","_et_pb_old_content":"","_et_gb_content_width":"","footnotes":""},"class_list":["post-24799","page","type-page","status-publish","has-post-thumbnail","hentry"],"_links":{"self":[{"href":"https:\/\/raahenvihreat.fi\/index.php?rest_route=\/wp\/v2\/pages\/24799","targetHints":{"allow":["GET"]}}],"collection":[{"href":"https:\/\/raahenvihreat.fi\/index.php?rest_route=\/wp\/v2\/pages"}],"about":[{"href":"https:\/\/raahenvihreat.fi\/index.php?rest_route=\/wp\/v2\/types\/page"}],"author":[{"embeddable":true,"href":"https:\/\/raahenvihreat.fi\/index.php?rest_route=\/wp\/v2\/users\/691"}],"replies":[{"embeddable":true,"href":"https:\/\/raahenvihreat.fi\/index.php?rest_route=%2Fwp%2Fv2%2Fcomments&post=24799"}],"version-history":[{"count":90,"href":"https:\/\/raahenvihreat.fi\/index.php?rest_route=\/wp\/v2\/pages\/24799\/revisions"}],"predecessor-version":[{"id":26685,"href":"https:\/\/raahenvihreat.fi\/index.php?rest_route=\/wp\/v2\/pages\/24799\/revisions\/26685"}],"wp:featuredmedia":[{"embeddable":true,"href":"https:\/\/raahenvihreat.fi\/index.php?rest_route=\/wp\/v2\/media\/26085"}],"wp:attachment":[{"href":"https:\/\/raahenvihreat.fi\/index.php?rest_route=%2Fwp%2Fv2%2Fmedia&parent=24799"}],"curies":[{"name":"wp","href":"https:\/\/api.w.org\/{rel}","templated":true}]}}